{"id":13,"date":"2016-12-12T11:50:40","date_gmt":"2016-12-12T11:50:40","guid":{"rendered":"https:\/\/www.entropycs.eu\/?page_id=13"},"modified":"2016-12-12T11:50:40","modified_gmt":"2016-12-12T11:50:40","slug":"nuestro-trabajo","status":"publish","type":"page","link":"https:\/\/www.entropycs.eu\/index.php\/nuestro-trabajo\/","title":{"rendered":"Nuestro trabajo"},"content":{"rendered":"<p><b>Como trabajamos?<\/b><\/p>\n<ul>\n<li style=\"font-weight: 400;\"><span style=\"font-weight: 400;\">Los proyectos Entropy se dimensionan y eval\u00faan de la mano del cliente, con las herramientas necesarias de diagn\u00f3stico y con el feedback de nuestros clientes. <\/span><\/li>\n<li style=\"font-weight: 400;\"><span style=\"font-weight: 400;\">Una vez implementados los proyectos el equipos t\u00e9cnico de Entropy est\u00e1 formado para ofrecer el seguimiento remoto de las instalaciones y ajustar los sistemas para incrementar la eficiencia de la sala de calderas.<\/span><\/li>\n<\/ul>\n<p><b>Cuales son nuestros objetivos?<\/b><\/p>\n<ul>\n<li style=\"font-weight: 400;\"><span style=\"font-weight: 400;\">Ahorros energ\u00e9ticos del 20% al 80% (t\u00e9rmicos y el\u00e9ctricos)<\/span><\/li>\n<li style=\"font-weight: 400;\"><span style=\"font-weight: 400;\">Inversiones con payback de 2 a 4 a\u00f1os<\/span><\/li>\n<li style=\"font-weight: 400;\"><span style=\"font-weight: 400;\">Reducci\u00f3n de los costes de mantenimiento de las salas de calderas<\/span><\/li>\n<li style=\"font-weight: 400;\"><span style=\"font-weight: 400;\">Eliminar los riesgos de legionella en la producci\u00f3n de agua caliente sanitaria<\/span><\/li>\n<\/ul>\n","protected":false},"excerpt":{"rendered":"<p>Como trabajamos? Los proyectos Entropy se dimensionan y eval\u00faan de la mano del cliente, con las herramientas necesarias de diagn\u00f3stico y con el feedback de nuestros clientes. Una vez implementados [&hellip;]<\/p>\n","protected":false},"author":1,"featured_media":0,"parent":0,"menu_order":0,"comment_status":"closed","ping_status":"closed","template":"","meta":[],"yoast_head":"<!-- This site is optimized with the Yoast SEO plugin v18.0 - https:\/\/yoast.com\/wordpress\/plugins\/seo\/ -->\n<meta name=\"robots\" content=\"index, follow, max-snippet:-1, max-image-preview:large, max-video-preview:-1\" \/>\n<link rel=\"canonical\" href=\"https:\/\/www.entropycs.eu\/index.php\/nuestro-trabajo\/\" \/>\n<meta property=\"og:locale\" content=\"es_ES\" \/>\n<meta property=\"og:type\" content=\"article\" \/>\n<meta property=\"og:title\" content=\"Nuestro trabajo - Entropy Care Systems\" \/>\n<meta property=\"og:description\" content=\"Como trabajamos? Los proyectos Entropy se dimensionan y eval\u00faan de la mano del cliente, con las herramientas necesarias de diagn\u00f3stico y con el feedback de nuestros clientes. Una vez implementados [&hellip;]\" \/>\n<meta property=\"og:url\" content=\"https:\/\/www.entropycs.eu\/index.php\/nuestro-trabajo\/\" \/>\n<meta property=\"og:site_name\" content=\"Entropy Care Systems\" \/>\n<meta name=\"twitter:card\" content=\"summary_large_image\" \/>\n<meta name=\"twitter:label1\" content=\"Tiempo de lectura\" \/>\n\t<meta name=\"twitter:data1\" content=\"1 minuto\" \/>\n<script type=\"application\/ld+json\" class=\"yoast-schema-graph\">{\"@context\":\"https:\/\/schema.org\",\"@graph\":[{\"@type\":\"WebSite\",\"@id\":\"https:\/\/www.entropycs.eu\/#website\",\"url\":\"https:\/\/www.entropycs.eu\/\",\"name\":\"Entropy Care Systems\",\"description\":\"Climatizaci\u00f3n eficiente\",\"potentialAction\":[{\"@type\":\"SearchAction\",\"target\":{\"@type\":\"EntryPoint\",\"urlTemplate\":\"https:\/\/www.entropycs.eu\/?s={search_term_string}\"},\"query-input\":\"required name=search_term_string\"}],\"inLanguage\":\"es\"},{\"@type\":\"WebPage\",\"@id\":\"https:\/\/www.entropycs.eu\/index.php\/nuestro-trabajo\/#webpage\",\"url\":\"https:\/\/www.entropycs.eu\/index.php\/nuestro-trabajo\/\",\"name\":\"Nuestro trabajo - Entropy Care Systems\",\"isPartOf\":{\"@id\":\"https:\/\/www.entropycs.eu\/#website\"},\"datePublished\":\"2016-12-12T11:50:40+00:00\",\"dateModified\":\"2016-12-12T11:50:40+00:00\",\"breadcrumb\":{\"@id\":\"https:\/\/www.entropycs.eu\/index.php\/nuestro-trabajo\/#breadcrumb\"},\"inLanguage\":\"es\",\"potentialAction\":[{\"@type\":\"ReadAction\",\"target\":[\"https:\/\/www.entropycs.eu\/index.php\/nuestro-trabajo\/\"]}]},{\"@type\":\"BreadcrumbList\",\"@id\":\"https:\/\/www.entropycs.eu\/index.php\/nuestro-trabajo\/#breadcrumb\",\"itemListElement\":[{\"@type\":\"ListItem\",\"position\":1,\"name\":\"Portada\",\"item\":\"https:\/\/www.entropycs.eu\/\"},{\"@type\":\"ListItem\",\"position\":2,\"name\":\"Nuestro trabajo\"}]}]}<\/script>\n<!-- \/ Yoast SEO plugin. -->","yoast_head_json":{"robots":{"index":"index","follow":"follow","max-snippet":"max-snippet:-1","max-image-preview":"max-image-preview:large","max-video-preview":"max-video-preview:-1"},"canonical":"https:\/\/www.entropycs.eu\/index.php\/nuestro-trabajo\/","og_locale":"es_ES","og_type":"article","og_title":"Nuestro trabajo - Entropy Care Systems","og_description":"Como trabajamos? Los proyectos Entropy se dimensionan y eval\u00faan de la mano del cliente, con las herramientas necesarias de diagn\u00f3stico y con el feedback de nuestros clientes. Una vez implementados [&hellip;]","og_url":"https:\/\/www.entropycs.eu\/index.php\/nuestro-trabajo\/","og_site_name":"Entropy Care Systems","twitter_card":"summary_large_image","twitter_misc":{"Tiempo de lectura":"1 minuto"},"schema":{"@context":"https:\/\/schema.org","@graph":[{"@type":"WebSite","@id":"https:\/\/www.entropycs.eu\/#website","url":"https:\/\/www.entropycs.eu\/","name":"Entropy Care Systems","description":"Climatizaci\u00f3n eficiente","potentialAction":[{"@type":"SearchAction","target":{"@type":"EntryPoint","urlTemplate":"https:\/\/www.entropycs.eu\/?s={search_term_string}"},"query-input":"required name=search_term_string"}],"inLanguage":"es"},{"@type":"WebPage","@id":"https:\/\/www.entropycs.eu\/index.php\/nuestro-trabajo\/#webpage","url":"https:\/\/www.entropycs.eu\/index.php\/nuestro-trabajo\/","name":"Nuestro trabajo - Entropy Care Systems","isPartOf":{"@id":"https:\/\/www.entropycs.eu\/#website"},"datePublished":"2016-12-12T11:50:40+00:00","dateModified":"2016-12-12T11:50:40+00:00","breadcrumb":{"@id":"https:\/\/www.entropycs.eu\/index.php\/nuestro-trabajo\/#breadcrumb"},"inLanguage":"es","potentialAction":[{"@type":"ReadAction","target":["https:\/\/www.entropycs.eu\/index.php\/nuestro-trabajo\/"]}]},{"@type":"BreadcrumbList","@id":"https:\/\/www.entropycs.eu\/index.php\/nuestro-trabajo\/#breadcrumb","itemListElement":[{"@type":"ListItem","position":1,"name":"Portada","item":"https:\/\/www.entropycs.eu\/"},{"@type":"ListItem","position":2,"name":"Nuestro trabajo"}]}]}},"_links":{"self":[{"href":"https:\/\/www.entropycs.eu\/index.php\/wp-json\/wp\/v2\/pages\/13"}],"collection":[{"href":"https:\/\/www.entropycs.eu\/index.php\/wp-json\/wp\/v2\/pages"}],"about":[{"href":"https:\/\/www.entropycs.eu\/index.php\/wp-json\/wp\/v2\/types\/page"}],"author":[{"embeddable":true,"href":"https:\/\/www.entropycs.eu\/index.php\/wp-json\/wp\/v2\/users\/1"}],"replies":[{"embeddable":true,"href":"https:\/\/www.entropycs.eu\/index.php\/wp-json\/wp\/v2\/comments?post=13"}],"version-history":[{"count":1,"href":"https:\/\/www.entropycs.eu\/index.php\/wp-json\/wp\/v2\/pages\/13\/revisions"}],"predecessor-version":[{"id":14,"href":"https:\/\/www.entropycs.eu\/index.php\/wp-json\/wp\/v2\/pages\/13\/revisions\/14"}],"wp:attachment":[{"href":"https:\/\/www.entropycs.eu\/index.php\/wp-json\/wp\/v2\/media?parent=13"}],"curies":[{"name":"wp","href":"https:\/\/api.w.org\/{rel}","templated":true}]}}