{"id":19,"date":"2016-12-12T11:53:03","date_gmt":"2016-12-12T11:53:03","guid":{"rendered":"https:\/\/www.entropycs.eu\/?page_id=19"},"modified":"2016-12-12T12:33:45","modified_gmt":"2016-12-12T12:33:45","slug":"quienes-somos","status":"publish","type":"page","link":"https:\/\/www.entropycs.eu\/index.php\/quienes-somos\/","title":{"rendered":"\u00bfQui\u00e9nes somos?"},"content":{"rendered":"<p><span style=\"font-weight: 400;\">Entropy somos fabricantes de sistemas energ\u00e9ticos. Nuestros equipos se dise\u00f1an y se fabrican a medida para cada proyecto y para las necesidades de cada cliente, con el objetivo de minimizar costes innecesarios en inversiones de ahorro energ\u00e9tico y favorecer el retorno econ\u00f3mico de los mismos.<\/span><\/p>\n<p>&nbsp;<\/p>\n","protected":false},"excerpt":{"rendered":"<p>Entropy somos fabricantes de sistemas energ\u00e9ticos. Nuestros equipos se dise\u00f1an y se fabrican a medida para cada proyecto y para las necesidades de cada cliente, con el objetivo de minimizar [&hellip;]<\/p>\n","protected":false},"author":1,"featured_media":0,"parent":0,"menu_order":0,"comment_status":"closed","ping_status":"closed","template":"","meta":[],"yoast_head":"<!-- This site is optimized with the Yoast SEO plugin v18.0 - https:\/\/yoast.com\/wordpress\/plugins\/seo\/ -->\n<meta name=\"robots\" content=\"index, follow, max-snippet:-1, max-image-preview:large, max-video-preview:-1\" \/>\n<link rel=\"canonical\" href=\"https:\/\/www.entropycs.eu\/index.php\/quienes-somos\/\" \/>\n<meta property=\"og:locale\" content=\"es_ES\" \/>\n<meta property=\"og:type\" content=\"article\" \/>\n<meta property=\"og:title\" content=\"\u00bfQui\u00e9nes somos? - Entropy Care Systems\" \/>\n<meta property=\"og:description\" content=\"Entropy somos fabricantes de sistemas energ\u00e9ticos. Nuestros equipos se dise\u00f1an y se fabrican a medida para cada proyecto y para las necesidades de cada cliente, con el objetivo de minimizar [&hellip;]\" \/>\n<meta property=\"og:url\" content=\"https:\/\/www.entropycs.eu\/index.php\/quienes-somos\/\" \/>\n<meta property=\"og:site_name\" content=\"Entropy Care Systems\" \/>\n<meta property=\"article:modified_time\" content=\"2016-12-12T12:33:45+00:00\" \/>\n<meta name=\"twitter:card\" content=\"summary_large_image\" \/>\n<script type=\"application\/ld+json\" class=\"yoast-schema-graph\">{\"@context\":\"https:\/\/schema.org\",\"@graph\":[{\"@type\":\"WebSite\",\"@id\":\"https:\/\/www.entropycs.eu\/#website\",\"url\":\"https:\/\/www.entropycs.eu\/\",\"name\":\"Entropy Care Systems\",\"description\":\"Climatizaci\u00f3n eficiente\",\"potentialAction\":[{\"@type\":\"SearchAction\",\"target\":{\"@type\":\"EntryPoint\",\"urlTemplate\":\"https:\/\/www.entropycs.eu\/?s={search_term_string}\"},\"query-input\":\"required name=search_term_string\"}],\"inLanguage\":\"es\"},{\"@type\":\"WebPage\",\"@id\":\"https:\/\/www.entropycs.eu\/index.php\/quienes-somos\/#webpage\",\"url\":\"https:\/\/www.entropycs.eu\/index.php\/quienes-somos\/\",\"name\":\"\u00bfQui\u00e9nes somos? - Entropy Care Systems\",\"isPartOf\":{\"@id\":\"https:\/\/www.entropycs.eu\/#website\"},\"datePublished\":\"2016-12-12T11:53:03+00:00\",\"dateModified\":\"2016-12-12T12:33:45+00:00\",\"breadcrumb\":{\"@id\":\"https:\/\/www.entropycs.eu\/index.php\/quienes-somos\/#breadcrumb\"},\"inLanguage\":\"es\",\"potentialAction\":[{\"@type\":\"ReadAction\",\"target\":[\"https:\/\/www.entropycs.eu\/index.php\/quienes-somos\/\"]}]},{\"@type\":\"BreadcrumbList\",\"@id\":\"https:\/\/www.entropycs.eu\/index.php\/quienes-somos\/#breadcrumb\",\"itemListElement\":[{\"@type\":\"ListItem\",\"position\":1,\"name\":\"Portada\",\"item\":\"https:\/\/www.entropycs.eu\/\"},{\"@type\":\"ListItem\",\"position\":2,\"name\":\"\u00bfQui\u00e9nes somos?\"}]}]}<\/script>\n<!-- \/ Yoast SEO plugin. -->","yoast_head_json":{"robots":{"index":"index","follow":"follow","max-snippet":"max-snippet:-1","max-image-preview":"max-image-preview:large","max-video-preview":"max-video-preview:-1"},"canonical":"https:\/\/www.entropycs.eu\/index.php\/quienes-somos\/","og_locale":"es_ES","og_type":"article","og_title":"\u00bfQui\u00e9nes somos? - Entropy Care Systems","og_description":"Entropy somos fabricantes de sistemas energ\u00e9ticos. Nuestros equipos se dise\u00f1an y se fabrican a medida para cada proyecto y para las necesidades de cada cliente, con el objetivo de minimizar [&hellip;]","og_url":"https:\/\/www.entropycs.eu\/index.php\/quienes-somos\/","og_site_name":"Entropy Care Systems","article_modified_time":"2016-12-12T12:33:45+00:00","twitter_card":"summary_large_image","schema":{"@context":"https:\/\/schema.org","@graph":[{"@type":"WebSite","@id":"https:\/\/www.entropycs.eu\/#website","url":"https:\/\/www.entropycs.eu\/","name":"Entropy Care Systems","description":"Climatizaci\u00f3n eficiente","potentialAction":[{"@type":"SearchAction","target":{"@type":"EntryPoint","urlTemplate":"https:\/\/www.entropycs.eu\/?s={search_term_string}"},"query-input":"required name=search_term_string"}],"inLanguage":"es"},{"@type":"WebPage","@id":"https:\/\/www.entropycs.eu\/index.php\/quienes-somos\/#webpage","url":"https:\/\/www.entropycs.eu\/index.php\/quienes-somos\/","name":"\u00bfQui\u00e9nes somos? - Entropy Care Systems","isPartOf":{"@id":"https:\/\/www.entropycs.eu\/#website"},"datePublished":"2016-12-12T11:53:03+00:00","dateModified":"2016-12-12T12:33:45+00:00","breadcrumb":{"@id":"https:\/\/www.entropycs.eu\/index.php\/quienes-somos\/#breadcrumb"},"inLanguage":"es","potentialAction":[{"@type":"ReadAction","target":["https:\/\/www.entropycs.eu\/index.php\/quienes-somos\/"]}]},{"@type":"BreadcrumbList","@id":"https:\/\/www.entropycs.eu\/index.php\/quienes-somos\/#breadcrumb","itemListElement":[{"@type":"ListItem","position":1,"name":"Portada","item":"https:\/\/www.entropycs.eu\/"},{"@type":"ListItem","position":2,"name":"\u00bfQui\u00e9nes somos?"}]}]}},"_links":{"self":[{"href":"https:\/\/www.entropycs.eu\/index.php\/wp-json\/wp\/v2\/pages\/19"}],"collection":[{"href":"https:\/\/www.entropycs.eu\/index.php\/wp-json\/wp\/v2\/pages"}],"about":[{"href":"https:\/\/www.entropycs.eu\/index.php\/wp-json\/wp\/v2\/types\/page"}],"author":[{"embeddable":true,"href":"https:\/\/www.entropycs.eu\/index.php\/wp-json\/wp\/v2\/users\/1"}],"replies":[{"embeddable":true,"href":"https:\/\/www.entropycs.eu\/index.php\/wp-json\/wp\/v2\/comments?post=19"}],"version-history":[{"count":2,"href":"https:\/\/www.entropycs.eu\/index.php\/wp-json\/wp\/v2\/pages\/19\/revisions"}],"predecessor-version":[{"id":27,"href":"https:\/\/www.entropycs.eu\/index.php\/wp-json\/wp\/v2\/pages\/19\/revisions\/27"}],"wp:attachment":[{"href":"https:\/\/www.entropycs.eu\/index.php\/wp-json\/wp\/v2\/media?parent=19"}],"curies":[{"name":"wp","href":"https:\/\/api.w.org\/{rel}","templated":true}]}}