{"id":38,"date":"2018-05-17T17:14:51","date_gmt":"2018-05-17T17:14:51","guid":{"rendered":"https:\/\/www.entropycs.eu\/?page_id=38"},"modified":"2018-05-17T17:17:59","modified_gmt":"2018-05-17T17:17:59","slug":"terminos-y-condiciones","status":"publish","type":"page","link":"https:\/\/www.entropycs.eu\/index.php\/terminos-y-condiciones\/","title":{"rendered":"T\u00e9rminos y condiciones"},"content":{"rendered":"<p><strong>Condiciones de uso<\/strong><br \/>\nAl efectuar un registro, el usuario confirma que ha le\u00eddo y aceptado las siguientes condiciones de uso.<\/p>\n<p><strong>1.) Aspectos generales<\/strong><\/p>\n<p>Entropy Cara Systems SL, en lo sucesivo denominada Entropy, ofrece en https:\/\/remote.entropycs.eu un servicio inform\u00e1tico interactivo, denominado en lo sucesivo portal web. En la actualidad, Entropy ofrece el portal web de forma gratuita; sin embargo, se reserva el derecho a imponer una cuota o a suspender el portal web sin tener que indicar los motivos de ello. En cualquier caso, Entropy se esforzar\u00e1 por ofrecer el portal web de forma gratuita mientras exista la aplicaci\u00f3n. Entropy no puede garantizar que el portal web sea compatible con el equipamiento t\u00e9cnico del usuario. Entropy se reserva el derecho a modificar estas condiciones de uso en todo momento y sin previo aviso. Las condiciones de uso modificadas tendr\u00e1n validez desde el momento de su publicaci\u00f3n. Si el usuario sigue utilizando el portal web, se sobreentender\u00e1 su aceptaci\u00f3n de las modificaciones correspondientes.<\/p>\n<p><strong>2.) Protecci\u00f3n de datos<\/strong><\/p>\n<p>Entropy cumple las disposiciones de la Ley de protecci\u00f3n de datos en su versi\u00f3n vigente. Los usuarios confirman que los datos facilitados durante su registro sobre su identidad, direcci\u00f3n postal y direcci\u00f3n de correo electr\u00f3nico son correctos. Los usuarios confirman que dar\u00e1n a conocer cualquier cambio de nombre, direcci\u00f3n postal o direcci\u00f3n de correo electr\u00f3nico. Los usuarios del portal web aceptan que los datos que faciliten puedan ser utilizados por Entropy con fines publicitarios propios. Entropy no facilitar\u00e1 estos datos a terceros bajo ninguna circunstancia.<\/p>\n<p><strong>3.) Borrado de usuarios<\/strong><\/p>\n<p>La participaci\u00f3n en el portal web se puede anular en todo momento mediante el borrado del usuario. Para ello se debe enviar un correo electr\u00f3nico solicitando la baja del servicio a contacto@entropycs.eu. Al borrar un usuario, independientemente de que este borrado sea realizado por Entropy, o por Entropy, todos los datos espec\u00edficos del usuario se borran de forma irrevocable y sin derecho a compensaci\u00f3n alguna. Entropy se reserva el derecho a borrar de forma irrevocable y sin previo aviso aquellos usuarios que incumplan las presentes condiciones de uso. Adem\u00e1s, Entropy se reserva el derecho a borrar de forma irrevocable y sin previo aviso aquellos usuarios que permanezcan inactivos durante m\u00e1s de 12 meses.<\/p>\n<p><strong>4.) Derechos y obligaciones de los usuarios<\/strong><\/p>\n<p>Al registrarse, los usuarios reciben un nombre de usuario y una contrase\u00f1a. Entropy no preguntar\u00e1 nunca por las contrase\u00f1as elegidas por los usuarios. A trav\u00e9s del portal web, y bajo responsabilidad del usuario, existe la posibilidad de proporcionar acceso a su interfaz de control y monitorizaci\u00f3n a otros usuario. Se eximir\u00e1 a Entropy de toda responsabilidad en caso de que se produzca cualquier uso indebido de esta funcionalidad.<\/p>\n<p><strong>5.) Exenci\u00f3n de responsabilidad<\/strong><\/p>\n<p>Entropy no aceptar\u00e1 ning\u00fan tipo de responsabilidad sobre la disponibilidad permanente del portal web, sobre errores, retrasos o interrupciones de la transmisi\u00f3n, p\u00e9rdida o borrado, virus, uso indebido, correcci\u00f3n, integridad o actualidad de los datos, ni sobre cualquier otro tipo de da\u00f1os que se produzcan por el uso de los datos o del portal web.<\/p>\n<p><strong>6.) Derechos de autor<\/strong><\/p>\n<p>Los contenidos ofrecidos a trav\u00e9s del portal web pueden estar protegidos por derechos de autor y\/o por derechos de patente, marca y\/u otros derechos de protecci\u00f3n (de forma conjunta: \u00abderechos de protecci\u00f3n\u00bb). Su uso est\u00e1 sujeto a la legislaci\u00f3n vigente en materia de propiedad intelectual y de otro tipo de protecci\u00f3n. Esto tambi\u00e9n se aplica a los nombres de usuario. La divulgaci\u00f3n posterior queda prohibida como norma general y requerir\u00e1 una autorizaci\u00f3n expresa del titular de los derechos. Una parte de los contenidos del portal web es ofrecida por personas independientes de Entropy. Dichos contenidos proceden de estas terceras personas o de los autores o divulgadores a los que dichas terceras personas proporcionan acceso y no de Entropy. Por tanto, Entropy no es responsable de la veracidad o fiabilidad de estos contenidos. Entropy no ser\u00e1 responsable bajo ning\u00fan concepto de las p\u00e9rdidas o da\u00f1os que puedan producirse debido a que los usuarios conf\u00eden en una informaci\u00f3n que hayan obtenido durante el uso del portal web.<\/p>\n<p><strong>7.) Condiciones generales de contrato<\/strong><\/p>\n<p>Para el uso del portal web se aplicar\u00e1n las condiciones generales del contrato de Entropy. Dichas condiciones est\u00e1n disponibles aqu\u00ed http:\/\/entropycs.eu\/terms-and-conditions.html. El usuario confirma haber le\u00eddo y estar aceptando las condiciones generales del contrato.<\/p>\n<p><strong>8.) Cookies<\/strong><\/p>\n<p>El portal web utiliza cookies. Las cookies son peque\u00f1os archivos que permiten guardar en el dispositivo de acceso de los usuarios (PC, smartphone o similares) informaci\u00f3n relacionada con el dispositivo. Sirven para facilitar al usuario el uso de las p\u00e1ginas web (p. ej., almacenamiento de los datos de inicio de sesi\u00f3n). La mayor\u00eda de los navegadores disponen de una opci\u00f3n con la cual se puede restringir o evitar por completo el almacenamiento de cookies. Sin embargo, es necesario se\u00f1alar que el uso y, en especial, la comodidad de uso se ven restringidos sin las cookies.<\/p>\n<p><strong>9.) Cl\u00e1usula salvatoria<\/strong><\/p>\n<p>Si alguna de las disposiciones de las condiciones de uso es inv\u00e1lida o pierde su validez, esto no afectar\u00e1 a la validez de las disposiciones restantes de las condiciones generales de contrato. En lugar de la disposici\u00f3n inv\u00e1lida se introducir\u00e1 otra cuyos efectos econ\u00f3micos y jur\u00eddicos se aproximen lo m\u00e1ximo posible a los de la disposici\u00f3n inv\u00e1lida.<\/p>\n<p>Actualizaci\u00f3n: 17\/05\/2018<\/p>\n","protected":false},"excerpt":{"rendered":"<p>Condiciones de uso Al efectuar un registro, el usuario confirma que ha le\u00eddo y aceptado las siguientes condiciones de uso. 1.) Aspectos generales Entropy Cara Systems SL, en lo sucesivo [&hellip;]<\/p>\n","protected":false},"author":2,"featured_media":0,"parent":0,"menu_order":0,"comment_status":"closed","ping_status":"closed","template":"","meta":[],"yoast_head":"<!-- This site is optimized with the Yoast SEO plugin v18.0 - https:\/\/yoast.com\/wordpress\/plugins\/seo\/ -->\n<meta name=\"robots\" content=\"index, follow, max-snippet:-1, max-image-preview:large, max-video-preview:-1\" \/>\n<link rel=\"canonical\" href=\"https:\/\/www.entropycs.eu\/index.php\/terminos-y-condiciones\/\" \/>\n<meta property=\"og:locale\" content=\"es_ES\" \/>\n<meta property=\"og:type\" content=\"article\" \/>\n<meta property=\"og:title\" content=\"T\u00e9rminos y condiciones - Entropy Care Systems\" \/>\n<meta property=\"og:description\" content=\"Condiciones de uso Al efectuar un registro, el usuario confirma que ha le\u00eddo y aceptado las siguientes condiciones de uso. 1.) Aspectos generales Entropy Cara Systems SL, en lo sucesivo [&hellip;]\" \/>\n<meta property=\"og:url\" content=\"https:\/\/www.entropycs.eu\/index.php\/terminos-y-condiciones\/\" \/>\n<meta property=\"og:site_name\" content=\"Entropy Care Systems\" \/>\n<meta property=\"article:modified_time\" content=\"2018-05-17T17:17:59+00:00\" \/>\n<meta name=\"twitter:card\" content=\"summary_large_image\" \/>\n<meta name=\"twitter:label1\" content=\"Tiempo de lectura\" \/>\n\t<meta name=\"twitter:data1\" content=\"5 minutos\" \/>\n<script type=\"application\/ld+json\" class=\"yoast-schema-graph\">{\"@context\":\"https:\/\/schema.org\",\"@graph\":[{\"@type\":\"WebSite\",\"@id\":\"https:\/\/www.entropycs.eu\/#website\",\"url\":\"https:\/\/www.entropycs.eu\/\",\"name\":\"Entropy Care Systems\",\"description\":\"Climatizaci\u00f3n eficiente\",\"potentialAction\":[{\"@type\":\"SearchAction\",\"target\":{\"@type\":\"EntryPoint\",\"urlTemplate\":\"https:\/\/www.entropycs.eu\/?s={search_term_string}\"},\"query-input\":\"required name=search_term_string\"}],\"inLanguage\":\"es\"},{\"@type\":\"WebPage\",\"@id\":\"https:\/\/www.entropycs.eu\/index.php\/terminos-y-condiciones\/#webpage\",\"url\":\"https:\/\/www.entropycs.eu\/index.php\/terminos-y-condiciones\/\",\"name\":\"T\u00e9rminos y condiciones - Entropy Care Systems\",\"isPartOf\":{\"@id\":\"https:\/\/www.entropycs.eu\/#website\"},\"datePublished\":\"2018-05-17T17:14:51+00:00\",\"dateModified\":\"2018-05-17T17:17:59+00:00\",\"breadcrumb\":{\"@id\":\"https:\/\/www.entropycs.eu\/index.php\/terminos-y-condiciones\/#breadcrumb\"},\"inLanguage\":\"es\",\"potentialAction\":[{\"@type\":\"ReadAction\",\"target\":[\"https:\/\/www.entropycs.eu\/index.php\/terminos-y-condiciones\/\"]}]},{\"@type\":\"BreadcrumbList\",\"@id\":\"https:\/\/www.entropycs.eu\/index.php\/terminos-y-condiciones\/#breadcrumb\",\"itemListElement\":[{\"@type\":\"ListItem\",\"position\":1,\"name\":\"Portada\",\"item\":\"https:\/\/www.entropycs.eu\/\"},{\"@type\":\"ListItem\",\"position\":2,\"name\":\"T\u00e9rminos y condiciones\"}]}]}<\/script>\n<!-- \/ Yoast SEO plugin. -->","yoast_head_json":{"robots":{"index":"index","follow":"follow","max-snippet":"max-snippet:-1","max-image-preview":"max-image-preview:large","max-video-preview":"max-video-preview:-1"},"canonical":"https:\/\/www.entropycs.eu\/index.php\/terminos-y-condiciones\/","og_locale":"es_ES","og_type":"article","og_title":"T\u00e9rminos y condiciones - Entropy Care Systems","og_description":"Condiciones de uso Al efectuar un registro, el usuario confirma que ha le\u00eddo y aceptado las siguientes condiciones de uso. 1.) Aspectos generales Entropy Cara Systems SL, en lo sucesivo [&hellip;]","og_url":"https:\/\/www.entropycs.eu\/index.php\/terminos-y-condiciones\/","og_site_name":"Entropy Care Systems","article_modified_time":"2018-05-17T17:17:59+00:00","twitter_card":"summary_large_image","twitter_misc":{"Tiempo de lectura":"5 minutos"},"schema":{"@context":"https:\/\/schema.org","@graph":[{"@type":"WebSite","@id":"https:\/\/www.entropycs.eu\/#website","url":"https:\/\/www.entropycs.eu\/","name":"Entropy Care Systems","description":"Climatizaci\u00f3n eficiente","potentialAction":[{"@type":"SearchAction","target":{"@type":"EntryPoint","urlTemplate":"https:\/\/www.entropycs.eu\/?s={search_term_string}"},"query-input":"required name=search_term_string"}],"inLanguage":"es"},{"@type":"WebPage","@id":"https:\/\/www.entropycs.eu\/index.php\/terminos-y-condiciones\/#webpage","url":"https:\/\/www.entropycs.eu\/index.php\/terminos-y-condiciones\/","name":"T\u00e9rminos y condiciones - Entropy Care Systems","isPartOf":{"@id":"https:\/\/www.entropycs.eu\/#website"},"datePublished":"2018-05-17T17:14:51+00:00","dateModified":"2018-05-17T17:17:59+00:00","breadcrumb":{"@id":"https:\/\/www.entropycs.eu\/index.php\/terminos-y-condiciones\/#breadcrumb"},"inLanguage":"es","potentialAction":[{"@type":"ReadAction","target":["https:\/\/www.entropycs.eu\/index.php\/terminos-y-condiciones\/"]}]},{"@type":"BreadcrumbList","@id":"https:\/\/www.entropycs.eu\/index.php\/terminos-y-condiciones\/#breadcrumb","itemListElement":[{"@type":"ListItem","position":1,"name":"Portada","item":"https:\/\/www.entropycs.eu\/"},{"@type":"ListItem","position":2,"name":"T\u00e9rminos y condiciones"}]}]}},"_links":{"self":[{"href":"https:\/\/www.entropycs.eu\/index.php\/wp-json\/wp\/v2\/pages\/38"}],"collection":[{"href":"https:\/\/www.entropycs.eu\/index.php\/wp-json\/wp\/v2\/pages"}],"about":[{"href":"https:\/\/www.entropycs.eu\/index.php\/wp-json\/wp\/v2\/types\/page"}],"author":[{"embeddable":true,"href":"https:\/\/www.entropycs.eu\/index.php\/wp-json\/wp\/v2\/users\/2"}],"replies":[{"embeddable":true,"href":"https:\/\/www.entropycs.eu\/index.php\/wp-json\/wp\/v2\/comments?post=38"}],"version-history":[{"count":3,"href":"https:\/\/www.entropycs.eu\/index.php\/wp-json\/wp\/v2\/pages\/38\/revisions"}],"predecessor-version":[{"id":42,"href":"https:\/\/www.entropycs.eu\/index.php\/wp-json\/wp\/v2\/pages\/38\/revisions\/42"}],"wp:attachment":[{"href":"https:\/\/www.entropycs.eu\/index.php\/wp-json\/wp\/v2\/media?parent=38"}],"curies":[{"name":"wp","href":"https:\/\/api.w.org\/{rel}","templated":true}]}}