{"id":7,"date":"2016-12-12T11:48:05","date_gmt":"2016-12-12T11:48:05","guid":{"rendered":"https:\/\/www.entropycs.eu\/?page_id=7"},"modified":"2017-01-09T09:55:02","modified_gmt":"2017-01-09T09:55:02","slug":"aviso-legal","status":"publish","type":"page","link":"https:\/\/www.entropycs.eu\/index.php\/aviso-legal\/","title":{"rendered":"Aviso Legal"},"content":{"rendered":"<h1 class=\"title-new\">AVISO LEGAL<\/h1>\n<div>De conformidad con lo que dispone la Ley 34\/2002, de 11 de julio, de Servicios de la Sociedad de la informaci\u00f3n y de Comercio Electr\u00f3nico, le informamos que el sitio Web http:\/\/www.entropycs.eu \u00e9s propiedad de ENTROPY CARE SYSTEMS, S.L. quien pone a su disposici\u00f3n la siguiente informaci\u00f3n:1. ENTROPY CARE SYSTEMS, S.L. es una sociedad mercantil inscrita en el Registro Mercantil de Barcelona, volumen 45310, folio 199, hoja B 483753, inscripci\u00f3n 1 CIF B66742057 y con domicilio social en Avda. Anoia, 2, 08787-LA POBLA DE CLARAMUNT. Dedicada a las Actividades de:<\/p>\n<p>&#8211; \u201cSERVICIOS TECNICOS DE INGENIERIA\u201d.<br \/>\n&#8211; \u201cCOM. MAY. INTERINDUSTRIAL EXCEP. QUIMICA\u201d.<\/p>\n<p>2. Puede ponerse en contacto por escrito a la direcci\u00f3n postal indicada o bien por tel\u00e9fono, fax o correo electr\u00f3nico:<\/p>\n<p>Tel\u00e9fono: 669293545<br \/>\nCorreo electr\u00f3nico: contacto@entropycs.eu<\/p>\n<p>3. Esta p\u00e1gina Web ha sido creada por ENTROPY CARE SYSTEMS, S.L., con car\u00e1cter informativo. La utilizaci\u00f3n de este sitio Web est\u00e1 sujeta a las siguientes condiciones de uso. Le rogamos que las lea atentamente. El hecho de acceder a este sitio Web y utilizar los materiales contenidos en ella implica que usted ha le\u00eddo y acepta, sin reserva alguna, estas condiciones.<\/p>\n<p><strong>CONDICIONES DE USO DE LA WEB DE ENTROPY CARE SYSTEMS, S.L.<\/strong><\/p>\n<p>La utilizaci\u00f3n de este sitio web est\u00e1 sujeta a las siguientes condiciones de uso. Le rogamos que las lea atentamente. El hecho de acceder a este sitio web y utilizar los materiales contenidos en ella implica que usted ha le\u00eddo y acepta, sin reserva alguna, estas condiciones.<\/p>\n<p>1.- Condiciones de uso.<br \/>\n1.1 Este sitio web contiene materiales preparados por ENTROPY CARE SYSTEMS, S.L. con car\u00e1cter meramente informativo.<\/p>\n<p>1.2 De incluirse enlaces o links que pueden conducir al usuario a otros sitios y p\u00e1ginas Web gestionados por terceros, ENTROPY CARE SYSTEMS, S.L. no responder\u00e1 ni de los contenidos ni del estado de dichos sitios y p\u00e1ginas Web ni implica recomendaci\u00f3n o aprobaci\u00f3n sobre sus contenidos.<\/p>\n<p>2. &#8211; Limitaci\u00f3n de responsabilidad.<br \/>\n2.1 El usuario utiliza este sitio Web bajo su responsabilidad. Ni ENTROPY CARE SYSTEMS, S.L. ni las personas de su organizaci\u00f3n se hacen responsables de los errores u omisiones sobre sus contenidos, que son meramente informativos. ENTROPY CARE SYSTEMS, S.L. tampoco se hace responsable de ning\u00fan da\u00f1o que pueda derivarse de la utilizaci\u00f3n de este sitio Web o de cualquier actuaci\u00f3n realizada sobre la base de la informaci\u00f3n que en ella se facilita.<\/p>\n<p>3. &#8211; Derechos de Propiedad Intelectual.<br \/>\n3.1 Quedan reservados a favor ENTROPY CARE SYSTEMS, S.L. todos los derechos sobre la totalidad del contenido de este sitio web, ya sean textos, im\u00e1genes, sonido, ficheros, marcas, logotipos, combinaciones de colores, o cualquier otro elemento, su estructura y dise\u00f1o, la selecci\u00f3n y forma de presentaci\u00f3n de los materiales incluidos en la misma y los programas de ordenador necesarios para su funcionamiento, acceso y utilizaci\u00f3n est\u00e1n protegidos por derechos de propiedad industrial e intelectual, titularidad de ENTROPY CARE SYSTEMS, S.L.<\/p>\n<p>3.2 Queda prohibida la reproducci\u00f3n, transformaci\u00f3n, distribuci\u00f3n, comunicaci\u00f3n p\u00fablica, puesta a disposici\u00f3n del p\u00fablico y en general cualquier otra forma de explotaci\u00f3n, por cualquier procedimiento, de todo o parte de los contenidos de este sitio Web, as\u00ed como de su dise\u00f1o y la selecci\u00f3n y forma de presentaci\u00f3n de los materiales incluidos en la misma.<\/p>\n<p>3.3 Queda prohibido descompilar, desensamblar o realizar ingenier\u00eda inversa, as\u00ed como suprimir, alterar, eludir o manipular cualquier dispositivo de protecci\u00f3n o sistemas de seguridad que puedan estar instalados en la misma.<\/p>\n<p>4.- Protecci\u00f3n de datos.<br \/>\n4.1 Algunos de los servicios incluidos en este sitio Web exigen la recogida de datos personales del usuario para la correcta prestaci\u00f3n de los mismos. Durante el proceso de recogida de los datos, el usuario ser\u00e1 informado de forma expresa a trav\u00e9s del correspondiente Link (Pol\u00edtica de Privacidad), de los extremos contenidos en el art\u00edculo 5 de la Ley Org\u00e1nica 15\/1999, de 13 de diciembre de Protecci\u00f3n de datos de Car\u00e1cter Personal (en adelante LOPD), del cumplimiento con los requisitos establecidos en el Reglamento de medidas de seguridad aprobado seg\u00fan Real Decreto 1720\/2007, de 21 de diciembre, en orden a mantener el nivel de seguridad de los datos personales, y de los requisitos establecidos en la Ley 34\/2002, de 11 de julio, de Servicios de la Sociedad de la Informaci\u00f3n y de Comercio Electr\u00f3nico.<\/p>\n<p>De conformidad con lo establecido por el art\u00edculo 5 de la LOPD, los usuarios a los que se soliciten o se obtengan datos de car\u00e1cter personal a trav\u00e9s de la p\u00e1gina Web de ENTROPY CARE SYSTEMS, S.L. ser\u00e1n informados de modo expreso, preciso e inequ\u00edvoco de lo siguiente:<\/p>\n<p>\u2022 De la existencia de un fichero de datos, de la finalidad de la recogida de \u00e9stos y de los destinatarios de la informaci\u00f3n.<\/p>\n<p>\u2022 Del car\u00e1cter obligatorio o facultativo de su respuesta a las preguntas que le sean planteadas.<\/p>\n<p>\u2022 De las consecuencias de la obtenci\u00f3n de los datos y de las de la negativa a suministrarlos.<\/p>\n<p>\u2022 De la posibilidad de ejercitar los derechos de acceso, rectificaci\u00f3n, cancelaci\u00f3n y oposici\u00f3n, y la direcci\u00f3n ante la que pueden ejercitarse, as\u00ed como el procedimiento que deber\u00e1n seguir los usuarios, ya sea electr\u00f3nica, postal, telef\u00f3nica o cualquier otro.<\/p>\n<p>4.2 Consentimiento del interesado.<br \/>\nEl usuario facilita voluntariamente sus datos personales a trav\u00e9s de Internet y por lo tanto se entender\u00e1 que consiente el tratamiento de los mismos en los t\u00e9rminos en los que haya sido convenientemente informado.<\/p>\n<p>El titular podr\u00e1 revocar su consentimiento para el tratamiento de sus datos haciendo uso de los derechos de acceso, rectificaci\u00f3n, cancelaci\u00f3n y oposici\u00f3n.<\/p>\n<p>4.3 Usos y finalidades.<br \/>\nLos datos personales que se recogen a trav\u00e9s de la p\u00e1gina Web son s\u00f3lo adecuados, pertinentes y no excesivos en relaci\u00f3n con el \u00e1mbito y las finalidades determinadas, expl\u00edcitas y leg\u00edtimas para las que se pretenden obtener.<\/p>\n<p>Dichos datos no se utilizar\u00e1n para fines diferentes de aquellos para los que se solicitan.<\/p>\n<p>4.4 Cancelaci\u00f3n de datos.<br \/>\nSeg\u00fan prev\u00e9 la LOPD, los datos ser\u00e1n cancelados a propia iniciativa de ENTROPY CARE SYSTEMS, S.L., cuando hayan dejado de ser necesarios o pertinentes para la finalidad para la cual hubieran sido recabados.<\/p>\n<p>Igualmente ser\u00e1n cancelados cuando as\u00ed lo solicite el interesado.<\/p>\n<p>La cancelaci\u00f3n dar\u00e1 lugar al bloqueo de datos, conserv\u00e1ndose \u00fanicamente a disposici\u00f3n de las Administraciones P\u00fablicas, Jueces y Tribunales, para la atenci\u00f3n de las posibles responsabilidades nacidas del tratamiento, durante el plazo de prescripci\u00f3n de \u00e9stas. Cumplido el plazo de prescripci\u00f3n de estas deber\u00e1 proceder a su supresi\u00f3n.<\/p>\n<p>4.5 Acceso de datos por cuenta de terceros.<br \/>\nSi existen terceras personas, que necesiten intervenir en el desarrollo de la relaci\u00f3n con los usuarios, se suscribir\u00e1 el correspondiente contrato de acceso previsto en el art\u00edculo 12 de la LOPD.<\/p>\n<p>Dicho contrato establecer\u00e1 que la entidad encargada del tratamiento, \u00fanicamente tratar\u00e1 los datos conforme a las instrucciones del responsable del tratamiento y no los aplicar\u00e1 o utilizar\u00e1 con fines distintos de los que figure en el citado contrato, ni los comunicar\u00e1, ni siquiera para su conservaci\u00f3n a otras personas, que una vez cumplida la prestaci\u00f3n contractual, deber\u00e1n ser destruidos o devueltos al responsable del tratamiento, al igual que cualquier soporte o documentos en los que conste alg\u00fan dato de car\u00e1cter personal objeto del tratamiento.<\/p>\n<p>4.6 Comunicaci\u00f3n de datos.<br \/>\nNo est\u00e1 prevista ninguna cesi\u00f3n o comunicaci\u00f3n de datos.<\/p>\n<p>4.7 Medidas de seguridad.<br \/>\nENTROPY CARE SYSTEMS, S.L. le informa que tiene implementados en sus sistemas de informaci\u00f3n las medidas de seguridad correspondientes al nivel exigido por el Real Decreto 1720\/2007, de 21 de diciembre, por el que se aprueba el Reglamento de Desarrollo de la Ley Org\u00e1nica 15\/1999 de 13 de diciembre, de Protecci\u00f3n de Datos de Car\u00e1cter Personal, y que son las necesarias para evitar su alteraci\u00f3n, p\u00e9rdida, tratamiento o acceso no autorizado.<\/p>\n<p>4.8 Derechos usuarios.<br \/>\nEn relaci\u00f3n con los datos recabados en la forma prevista en los apartados anteriores, el usuario podr\u00e1 ejercitar los derechos de acceso, rectificaci\u00f3n, cancelaci\u00f3n y oposici\u00f3n, reconocidos por la Ley Org\u00e1nica 15\/1999, de 13 de diciembre de Protecci\u00f3n de datos de Car\u00e1cter Personal. Estos derechos podr\u00e1n ser ejercitados por el usuario o, en su caso, por quien lo represente, mediante solicitud debidamente firmada, dirigida a ENTROPY CARE SYSTEMS, S.L. AVDA. ANOIA 2, 08787-LA POBLA DE CLARAMUNT, Barcelona, Espa\u00f1a. La solicitud deber\u00e1 contener el nombre y apellidos del usuario, domicilio a efectos de notificaciones, fotocopia del Documento Nacional de Identidad o Pasaporte, contenido concreto de la petici\u00f3n o derecho que se ejercita y documentaci\u00f3n, en su caso.<\/p>\n<p>4.9 Cookies.<br \/>\nENTROPY CARE SYSTEMS, S.L. utiliza cookies que son necesarias para el correcto funcionamiento de la p\u00e1gina Web. \u00c9stas se pueden eliminar y\/o bloquear, pero partes del sitio dejar\u00e1n de funcionar. Al acceder a la Web el usuario estar\u00e1 informado de la utilizaci\u00f3n y recepci\u00f3n de Cookies pidiendo su consentimiento si procede en la navegaci\u00f3n. El usuario podr\u00e1 configurar su navegador impidiendo el tratamiento de cookies.<\/p>\n<p>&#8230;<\/p>\n<p>Al utilizar esta Web, el usuario consiente el tratamiento de los datos recogidos mediante las cookies por parte de Google Analytics por los fines antes mencionados<\/p>\n<p>4.10 Comunicaciones comerciales por v\u00eda correo electr\u00f3nico o medios equivalentes.<br \/>\nEl usuario, al facilitar sus datos personales, consiente expresamente en el env\u00edo de comunicaciones comerciales sobre productos, servicios, ofertas y novedades que consideremos de su inter\u00e9s, relacionadas con nuestra actividad.<\/p>\n<p>4.11 Confidencialidad.<br \/>\nEn cualquier caso ENTROPY CARE SYSTEMS, S.L. tratar\u00e1 los datos suministrados por los usuarios a trav\u00e9s de la p\u00e1gina Web con la m\u00e1xima confidencialidad y de acuerdo con la normativa en vigor en materia de protecci\u00f3n de datos personales.<\/p>\n<\/div>\n","protected":false},"excerpt":{"rendered":"<p>AVISO LEGAL De conformidad con lo que dispone la Ley 34\/2002, de 11 de julio, de Servicios de la Sociedad de la informaci\u00f3n y de Comercio Electr\u00f3nico, le informamos que [&hellip;]<\/p>\n","protected":false},"author":1,"featured_media":0,"parent":0,"menu_order":0,"comment_status":"closed","ping_status":"closed","template":"","meta":[],"yoast_head":"<!-- This site is optimized with the Yoast SEO plugin v18.0 - https:\/\/yoast.com\/wordpress\/plugins\/seo\/ -->\n<meta name=\"robots\" content=\"index, follow, max-snippet:-1, max-image-preview:large, max-video-preview:-1\" \/>\n<link rel=\"canonical\" href=\"https:\/\/www.entropycs.eu\/index.php\/aviso-legal\/\" \/>\n<meta property=\"og:locale\" content=\"es_ES\" \/>\n<meta property=\"og:type\" content=\"article\" \/>\n<meta property=\"og:title\" content=\"Aviso Legal - Entropy Care Systems\" \/>\n<meta property=\"og:description\" content=\"AVISO LEGAL De conformidad con lo que dispone la Ley 34\/2002, de 11 de julio, de Servicios de la Sociedad de la informaci\u00f3n y de Comercio Electr\u00f3nico, le informamos que [&hellip;]\" \/>\n<meta property=\"og:url\" content=\"https:\/\/www.entropycs.eu\/index.php\/aviso-legal\/\" \/>\n<meta property=\"og:site_name\" content=\"Entropy Care Systems\" \/>\n<meta property=\"article:modified_time\" content=\"2017-01-09T09:55:02+00:00\" \/>\n<meta name=\"twitter:card\" content=\"summary_large_image\" \/>\n<meta name=\"twitter:label1\" content=\"Tiempo de lectura\" \/>\n\t<meta name=\"twitter:data1\" content=\"8 minutos\" \/>\n<script type=\"application\/ld+json\" class=\"yoast-schema-graph\">{\"@context\":\"https:\/\/schema.org\",\"@graph\":[{\"@type\":\"WebSite\",\"@id\":\"https:\/\/www.entropycs.eu\/#website\",\"url\":\"https:\/\/www.entropycs.eu\/\",\"name\":\"Entropy Care Systems\",\"description\":\"Climatizaci\u00f3n eficiente\",\"potentialAction\":[{\"@type\":\"SearchAction\",\"target\":{\"@type\":\"EntryPoint\",\"urlTemplate\":\"https:\/\/www.entropycs.eu\/?s={search_term_string}\"},\"query-input\":\"required name=search_term_string\"}],\"inLanguage\":\"es\"},{\"@type\":\"WebPage\",\"@id\":\"https:\/\/www.entropycs.eu\/index.php\/aviso-legal\/#webpage\",\"url\":\"https:\/\/www.entropycs.eu\/index.php\/aviso-legal\/\",\"name\":\"Aviso Legal - Entropy Care Systems\",\"isPartOf\":{\"@id\":\"https:\/\/www.entropycs.eu\/#website\"},\"datePublished\":\"2016-12-12T11:48:05+00:00\",\"dateModified\":\"2017-01-09T09:55:02+00:00\",\"breadcrumb\":{\"@id\":\"https:\/\/www.entropycs.eu\/index.php\/aviso-legal\/#breadcrumb\"},\"inLanguage\":\"es\",\"potentialAction\":[{\"@type\":\"ReadAction\",\"target\":[\"https:\/\/www.entropycs.eu\/index.php\/aviso-legal\/\"]}]},{\"@type\":\"BreadcrumbList\",\"@id\":\"https:\/\/www.entropycs.eu\/index.php\/aviso-legal\/#breadcrumb\",\"itemListElement\":[{\"@type\":\"ListItem\",\"position\":1,\"name\":\"Portada\",\"item\":\"https:\/\/www.entropycs.eu\/\"},{\"@type\":\"ListItem\",\"position\":2,\"name\":\"Aviso Legal\"}]}]}<\/script>\n<!-- \/ Yoast SEO plugin. -->","yoast_head_json":{"robots":{"index":"index","follow":"follow","max-snippet":"max-snippet:-1","max-image-preview":"max-image-preview:large","max-video-preview":"max-video-preview:-1"},"canonical":"https:\/\/www.entropycs.eu\/index.php\/aviso-legal\/","og_locale":"es_ES","og_type":"article","og_title":"Aviso Legal - Entropy Care Systems","og_description":"AVISO LEGAL De conformidad con lo que dispone la Ley 34\/2002, de 11 de julio, de Servicios de la Sociedad de la informaci\u00f3n y de Comercio Electr\u00f3nico, le informamos que [&hellip;]","og_url":"https:\/\/www.entropycs.eu\/index.php\/aviso-legal\/","og_site_name":"Entropy Care Systems","article_modified_time":"2017-01-09T09:55:02+00:00","twitter_card":"summary_large_image","twitter_misc":{"Tiempo de lectura":"8 minutos"},"schema":{"@context":"https:\/\/schema.org","@graph":[{"@type":"WebSite","@id":"https:\/\/www.entropycs.eu\/#website","url":"https:\/\/www.entropycs.eu\/","name":"Entropy Care Systems","description":"Climatizaci\u00f3n eficiente","potentialAction":[{"@type":"SearchAction","target":{"@type":"EntryPoint","urlTemplate":"https:\/\/www.entropycs.eu\/?s={search_term_string}"},"query-input":"required name=search_term_string"}],"inLanguage":"es"},{"@type":"WebPage","@id":"https:\/\/www.entropycs.eu\/index.php\/aviso-legal\/#webpage","url":"https:\/\/www.entropycs.eu\/index.php\/aviso-legal\/","name":"Aviso Legal - Entropy Care Systems","isPartOf":{"@id":"https:\/\/www.entropycs.eu\/#website"},"datePublished":"2016-12-12T11:48:05+00:00","dateModified":"2017-01-09T09:55:02+00:00","breadcrumb":{"@id":"https:\/\/www.entropycs.eu\/index.php\/aviso-legal\/#breadcrumb"},"inLanguage":"es","potentialAction":[{"@type":"ReadAction","target":["https:\/\/www.entropycs.eu\/index.php\/aviso-legal\/"]}]},{"@type":"BreadcrumbList","@id":"https:\/\/www.entropycs.eu\/index.php\/aviso-legal\/#breadcrumb","itemListElement":[{"@type":"ListItem","position":1,"name":"Portada","item":"https:\/\/www.entropycs.eu\/"},{"@type":"ListItem","position":2,"name":"Aviso Legal"}]}]}},"_links":{"self":[{"href":"https:\/\/www.entropycs.eu\/index.php\/wp-json\/wp\/v2\/pages\/7"}],"collection":[{"href":"https:\/\/www.entropycs.eu\/index.php\/wp-json\/wp\/v2\/pages"}],"about":[{"href":"https:\/\/www.entropycs.eu\/index.php\/wp-json\/wp\/v2\/types\/page"}],"author":[{"embeddable":true,"href":"https:\/\/www.entropycs.eu\/index.php\/wp-json\/wp\/v2\/users\/1"}],"replies":[{"embeddable":true,"href":"https:\/\/www.entropycs.eu\/index.php\/wp-json\/wp\/v2\/comments?post=7"}],"version-history":[{"count":2,"href":"https:\/\/www.entropycs.eu\/index.php\/wp-json\/wp\/v2\/pages\/7\/revisions"}],"predecessor-version":[{"id":36,"href":"https:\/\/www.entropycs.eu\/index.php\/wp-json\/wp\/v2\/pages\/7\/revisions\/36"}],"wp:attachment":[{"href":"https:\/\/www.entropycs.eu\/index.php\/wp-json\/wp\/v2\/media?parent=7"}],"curies":[{"name":"wp","href":"https:\/\/api.w.org\/{rel}","templated":true}]}}